{"id":2,"date":"2026-02-17T14:39:46","date_gmt":"2026-02-17T14:39:46","guid":{"rendered":"https:\/\/restauranteaiesa.rkinformatika.online\/?page_id=2"},"modified":"2026-02-18T08:00:12","modified_gmt":"2026-02-18T08:00:12","slug":"inicio","status":"publish","type":"page","link":"https:\/\/restauranteaiesa.com\/eu\/","title":{"rendered":"Hasiera"},"content":{"rendered":"<div data-elementor-type=\"wp-page\" data-elementor-id=\"2\" class=\"elementor elementor-2\" data-elementor-post-type=\"page\">\n\t\t\t\t<div class=\"elementor-element elementor-element-e8a5e24 e-flex e-con-boxed e-con e-parent\" data-id=\"e8a5e24\" data-element_type=\"container\" data-e-type=\"container\" data-settings=\"{&quot;background_background&quot;:&quot;classic&quot;}\">\n\t\t\t\t\t<div class=\"e-con-inner\">\n\t\t<div class=\"elementor-element elementor-element-1d78aad e-con-full e-flex e-con e-child\" data-id=\"1d78aad\" data-element_type=\"container\" data-e-type=\"container\">\n\t\t\t\t<div class=\"elementor-element elementor-element-c48cd86 elementor-invisible elementor-widget elementor-widget-heading\" data-id=\"c48cd86\" data-element_type=\"widget\" data-e-type=\"widget\" data-settings=\"{&quot;_animation&quot;:&quot;fadeInDown&quot;}\" data-widget_type=\"heading.default\">\n\t\t\t\t\t<h2 class=\"elementor-heading-title elementor-size-default\">Zure mahaia, zure jendea, zure unea!<\/h2>\t\t\t\t<\/div>\n\t\t\t\t<\/div>\n\t\t\t\t\t<\/div>\n\t\t\t\t<\/div>\n\t\t<div class=\"elementor-element elementor-element-360f558 e-flex e-con-boxed elementor-invisible e-con e-parent\" data-id=\"360f558\" data-element_type=\"container\" data-e-type=\"container\" data-settings=\"{&quot;background_background&quot;:&quot;classic&quot;,&quot;animation&quot;:&quot;fadeInLeft&quot;}\">\n\t\t\t\t\t<div class=\"e-con-inner\">\n\t\t<div class=\"elementor-element elementor-element-7a25e6d e-con-full e-flex e-con e-child\" data-id=\"7a25e6d\" data-element_type=\"container\" data-e-type=\"container\">\n\t\t\t\t<div class=\"elementor-element elementor-element-3feea4e elementor-widget__width-initial elementor-absolute elementor-widget elementor-widget-image\" data-id=\"3feea4e\" data-element_type=\"widget\" data-e-type=\"widget\" data-settings=\"{&quot;_position&quot;:&quot;absolute&quot;}\" data-widget_type=\"image.default\">\n\t\t\t\t\t\t\t\t\t\t\t\t\t\t\t<img fetchpriority=\"high\" decoding=\"async\" width=\"300\" height=\"300\" src=\"https:\/\/restauranteaiesa.com\/wp-content\/uploads\/2026\/02\/cropped-ico_web_celeste-scaled-1-300x300.jpg\" class=\"attachment-medium size-medium wp-image-66\" alt=\"\" srcset=\"https:\/\/restauranteaiesa.com\/wp-content\/uploads\/2026\/02\/cropped-ico_web_celeste-scaled-1-300x300.jpg 300w, https:\/\/restauranteaiesa.com\/wp-content\/uploads\/2026\/02\/cropped-ico_web_celeste-scaled-1-150x150.jpg 150w, https:\/\/restauranteaiesa.com\/wp-content\/uploads\/2026\/02\/cropped-ico_web_celeste-scaled-1-12x12.jpg 12w, https:\/\/restauranteaiesa.com\/wp-content\/uploads\/2026\/02\/cropped-ico_web_celeste-scaled-1-270x270.jpg 270w, https:\/\/restauranteaiesa.com\/wp-content\/uploads\/2026\/02\/cropped-ico_web_celeste-scaled-1-192x192.jpg 192w, https:\/\/restauranteaiesa.com\/wp-content\/uploads\/2026\/02\/cropped-ico_web_celeste-scaled-1-180x180.jpg 180w, https:\/\/restauranteaiesa.com\/wp-content\/uploads\/2026\/02\/cropped-ico_web_celeste-scaled-1-32x32.jpg 32w, https:\/\/restauranteaiesa.com\/wp-content\/uploads\/2026\/02\/cropped-ico_web_celeste-scaled-1.jpg 512w\" sizes=\"(max-width: 300px) 100vw, 300px\" \/>\t\t\t\t\t\t\t\t\t\t\t\t\t\t\t<\/div>\n\t\t\t\t<div class=\"elementor-element elementor-element-a8c735d elementor-widget elementor-widget-heading\" data-id=\"a8c735d\" data-element_type=\"widget\" data-e-type=\"widget\" data-widget_type=\"heading.default\">\n\t\t\t\t\t<h2 class=\"elementor-heading-title elementor-size-default\">Guri buruz<\/h2>\t\t\t\t<\/div>\n\t\t\t\t<div class=\"elementor-element elementor-element-420c641 elementor-widget elementor-widget-heading\" data-id=\"420c641\" data-element_type=\"widget\" data-e-type=\"widget\" data-widget_type=\"heading.default\">\n\t\t\t\t\t<h2 class=\"elementor-heading-title elementor-size-default\">Plana hemen hasten da!<\/h2>\t\t\t\t<\/div>\n\t\t\t\t<div class=\"elementor-element elementor-element-296d140 elementor-widget elementor-widget-text-editor\" data-id=\"296d140\" data-element_type=\"widget\" data-e-type=\"widget\" data-widget_type=\"text-editor.default\">\n\t\t\t\t\t\t\t\t\t<p>Angel eta Aliciak sortu zuten 1993an, eta urteetan zehar hazi eta eboluzionatu den amets txiki batetik jaio zen \u2018AIENSA JATETXEA '.<\/p>\n<p>Urte asko geroago, hasieratik ezaugarritu gaituen tradizio berari eusten diogu: merkatuko osagai fresko onenak erabiltzea, bakoitza kontu handiz hautatuz, eta su motelean prestatzea, bezero bakoitza etxean bezala sentituko dela ziurtatuz eta sukaldaritza esperientzia gogoangarriaz gozatuz.<\/p>\t\t\t\t\t\t\t\t<\/div>\n\t\t\t\t<\/div>\n\t\t<div class=\"elementor-element elementor-element-c484db5 e-con-full e-flex e-con e-child\" data-id=\"c484db5\" data-element_type=\"container\" data-e-type=\"container\">\n\t\t\t\t<div class=\"elementor-element elementor-element-6141791 elementor-widget elementor-widget-image\" data-id=\"6141791\" data-element_type=\"widget\" data-e-type=\"widget\" data-widget_type=\"image.default\">\n\t\t\t\t\t\t\t\t\t\t\t\t\t\t\t<img decoding=\"async\" width=\"639\" height=\"637\" src=\"https:\/\/restauranteaiesa.com\/wp-content\/uploads\/2026\/02\/462257732_2772187249616739_5311732060740585055_n.jpg\" class=\"elementor-animation-shrink attachment-large size-large wp-image-230\" alt=\"\" srcset=\"https:\/\/restauranteaiesa.com\/wp-content\/uploads\/2026\/02\/462257732_2772187249616739_5311732060740585055_n.jpg 639w, https:\/\/restauranteaiesa.com\/wp-content\/uploads\/2026\/02\/462257732_2772187249616739_5311732060740585055_n-300x300.jpg 300w, https:\/\/restauranteaiesa.com\/wp-content\/uploads\/2026\/02\/462257732_2772187249616739_5311732060740585055_n-150x150.jpg 150w, https:\/\/restauranteaiesa.com\/wp-content\/uploads\/2026\/02\/462257732_2772187249616739_5311732060740585055_n-12x12.jpg 12w\" sizes=\"(max-width: 639px) 100vw, 639px\" \/>\t\t\t\t\t\t\t\t\t\t\t\t\t\t\t<\/div>\n\t\t\t\t<\/div>\n\t\t\t\t\t<\/div>\n\t\t\t\t<\/div>\n\t\t<div class=\"elementor-element elementor-element-f657a2e e-flex e-con-boxed e-con e-parent\" data-id=\"f657a2e\" data-element_type=\"container\" data-e-type=\"container\" data-settings=\"{&quot;background_background&quot;:&quot;classic&quot;}\">\n\t\t\t\t\t<div class=\"e-con-inner\">\n\t\t\t\t<div class=\"elementor-element elementor-element-111eff2 elementor-invisible elementor-widget elementor-widget-heading\" data-id=\"111eff2\" data-element_type=\"widget\" data-e-type=\"widget\" data-settings=\"{&quot;_animation&quot;:&quot;fadeInRight&quot;}\" data-widget_type=\"heading.default\">\n\t\t\t\t\t<h2 class=\"elementor-heading-title elementor-size-default\">Barra ona, giro hobea eta beste pixka batean geratzeko aitzakia ezin hobea!<\/h2>\t\t\t\t<\/div>\n\t\t\t\t<div class=\"elementor-element elementor-element-6c857b1 elementor-tablet-align-center elementor-invisible elementor-widget elementor-widget-button\" data-id=\"6c857b1\" data-element_type=\"widget\" data-e-type=\"widget\" data-settings=\"{&quot;_animation&quot;:&quot;fadeInLeft&quot;}\" data-widget_type=\"button.default\">\n\t\t\t\t\t\t\t\t\t\t<a class=\"elementor-button elementor-button-link elementor-size-sm elementor-animation-pop\" href=\"\/eu\/servicios\/\">\n\t\t\t\t\t\t<span class=\"elementor-button-content-wrapper\">\n\t\t\t\t\t\t\t\t\t<span class=\"elementor-button-text\">Zerbitzuak<\/span>\n\t\t\t\t\t<\/span>\n\t\t\t\t\t<\/a>\n\t\t\t\t\t\t\t\t<\/div>\n\t\t\t\t\t<\/div>\n\t\t\t\t<\/div>\n\t\t<div class=\"elementor-element elementor-element-cb998f6 e-flex e-con-boxed elementor-invisible e-con e-parent\" data-id=\"cb998f6\" data-element_type=\"container\" data-e-type=\"container\" data-settings=\"{&quot;background_background&quot;:&quot;classic&quot;,&quot;animation&quot;:&quot;fadeInLeft&quot;}\">\n\t\t\t\t\t<div class=\"e-con-inner\">\n\t\t<div class=\"elementor-element elementor-element-83b5791 e-con-full e-flex e-con e-child\" data-id=\"83b5791\" data-element_type=\"container\" data-e-type=\"container\">\n\t\t\t\t<div class=\"elementor-element elementor-element-a6e13fd elementor-widget__width-initial elementor-absolute elementor-widget elementor-widget-image\" data-id=\"a6e13fd\" data-element_type=\"widget\" data-e-type=\"widget\" data-settings=\"{&quot;_position&quot;:&quot;absolute&quot;}\" data-widget_type=\"image.default\">\n\t\t\t\t\t\t\t\t\t\t\t\t\t\t\t<img fetchpriority=\"high\" decoding=\"async\" width=\"300\" height=\"300\" src=\"https:\/\/restauranteaiesa.com\/wp-content\/uploads\/2026\/02\/cropped-ico_web_celeste-scaled-1-300x300.jpg\" class=\"attachment-medium size-medium wp-image-66\" alt=\"\" srcset=\"https:\/\/restauranteaiesa.com\/wp-content\/uploads\/2026\/02\/cropped-ico_web_celeste-scaled-1-300x300.jpg 300w, https:\/\/restauranteaiesa.com\/wp-content\/uploads\/2026\/02\/cropped-ico_web_celeste-scaled-1-150x150.jpg 150w, https:\/\/restauranteaiesa.com\/wp-content\/uploads\/2026\/02\/cropped-ico_web_celeste-scaled-1-12x12.jpg 12w, https:\/\/restauranteaiesa.com\/wp-content\/uploads\/2026\/02\/cropped-ico_web_celeste-scaled-1-270x270.jpg 270w, https:\/\/restauranteaiesa.com\/wp-content\/uploads\/2026\/02\/cropped-ico_web_celeste-scaled-1-192x192.jpg 192w, https:\/\/restauranteaiesa.com\/wp-content\/uploads\/2026\/02\/cropped-ico_web_celeste-scaled-1-180x180.jpg 180w, https:\/\/restauranteaiesa.com\/wp-content\/uploads\/2026\/02\/cropped-ico_web_celeste-scaled-1-32x32.jpg 32w, https:\/\/restauranteaiesa.com\/wp-content\/uploads\/2026\/02\/cropped-ico_web_celeste-scaled-1.jpg 512w\" sizes=\"(max-width: 300px) 100vw, 300px\" \/>\t\t\t\t\t\t\t\t\t\t\t\t\t\t\t<\/div>\n\t\t\t\t<div class=\"elementor-element elementor-element-fe16a1b elementor-widget elementor-widget-heading\" data-id=\"fe16a1b\" data-element_type=\"widget\" data-e-type=\"widget\" data-widget_type=\"heading.default\">\n\t\t\t\t\t<h2 class=\"elementor-heading-title elementor-size-default\">Gure janaria<\/h2>\t\t\t\t<\/div>\n\t\t\t\t<div class=\"elementor-element elementor-element-89d135a elementor-widget elementor-widget-heading\" data-id=\"89d135a\" data-element_type=\"widget\" data-e-type=\"widget\" data-widget_type=\"heading.default\">\n\t\t\t\t\t<h2 class=\"elementor-heading-title elementor-size-default\">Hemen ez ditugu edariak bakarrik zerbitzatzen: gehiago ikusteko aitzakiak zerbitzatzen ditugu!<\/h2>\t\t\t\t<\/div>\n\t\t\t\t<div class=\"elementor-element elementor-element-499dcda elementor-widget elementor-widget-text-editor\" data-id=\"499dcda\" data-element_type=\"widget\" data-e-type=\"widget\" data-widget_type=\"text-editor.default\">\n\t\t\t\t\t\t\t\t\t<p>Gure konpromisoa da gure bezero guztiei esperientzia paregabea eta gogobetegarria eskaintzea, xehetasun guztiak zainduz, gure jatetxera egiten dugun bisita bakoitza berezia izan dadin eta eskaintzen ditugun zaporeak haien memorian grabatuta gera daitezen.<\/p>\t\t\t\t\t\t\t\t<\/div>\n\t\t\t\t<\/div>\n\t\t\t\t\t<\/div>\n\t\t\t\t<\/div>\n\t\t<div class=\"elementor-element elementor-element-9e0ee01 e-flex e-con-boxed e-con e-parent\" data-id=\"9e0ee01\" data-element_type=\"container\" data-e-type=\"container\">\n\t\t\t\t\t<div class=\"e-con-inner\">\n\t\t<div class=\"elementor-element elementor-element-2bc4504 e-con-full e-flex e-con e-child\" data-id=\"2bc4504\" data-element_type=\"container\" data-e-type=\"container\" data-settings=\"{&quot;background_background&quot;:&quot;classic&quot;}\">\n\t\t\t\t<div class=\"elementor-element elementor-element-2a42a48 elementor-position-top elementor-widget elementor-widget-image-box\" data-id=\"2a42a48\" data-element_type=\"widget\" data-e-type=\"widget\" data-widget_type=\"image-box.default\">\n\t\t\t\t\t<div class=\"elementor-image-box-wrapper\"><figure class=\"elementor-image-box-img\"><img decoding=\"async\" width=\"1440\" height=\"810\" src=\"https:\/\/restauranteaiesa.com\/wp-content\/uploads\/2026\/02\/147333941_1761132950722179_2500748613156080547_n.jpg\" class=\"elementor-animation-pulse attachment-full size-full wp-image-229\" alt=\"\" srcset=\"https:\/\/restauranteaiesa.com\/wp-content\/uploads\/2026\/02\/147333941_1761132950722179_2500748613156080547_n.jpg 1440w, https:\/\/restauranteaiesa.com\/wp-content\/uploads\/2026\/02\/147333941_1761132950722179_2500748613156080547_n-300x169.jpg 300w, https:\/\/restauranteaiesa.com\/wp-content\/uploads\/2026\/02\/147333941_1761132950722179_2500748613156080547_n-1024x576.jpg 1024w, https:\/\/restauranteaiesa.com\/wp-content\/uploads\/2026\/02\/147333941_1761132950722179_2500748613156080547_n-768x432.jpg 768w, https:\/\/restauranteaiesa.com\/wp-content\/uploads\/2026\/02\/147333941_1761132950722179_2500748613156080547_n-18x10.jpg 18w\" sizes=\"(max-width: 1440px) 100vw, 1440px\" \/><\/figure><div class=\"elementor-image-box-content\"><h3 class=\"elementor-image-box-title\">MENUAK<\/h3><p class=\"elementor-image-box-description\">- Eguneko menua<br>\n- Itundutako menuak<br>\n- Paellak<br>\n- Katxopoak<br>\n- Babarrunak<\/p><\/div><\/div>\t\t\t\t<\/div>\n\t\t\t\t<\/div>\n\t\t<div class=\"elementor-element elementor-element-159295a e-con-full e-flex e-con e-child\" data-id=\"159295a\" data-element_type=\"container\" data-e-type=\"container\" data-settings=\"{&quot;background_background&quot;:&quot;classic&quot;}\">\n\t\t\t\t<div class=\"elementor-element elementor-element-6daa9a0 elementor-position-top elementor-widget elementor-widget-image-box\" data-id=\"6daa9a0\" data-element_type=\"widget\" data-e-type=\"widget\" data-widget_type=\"image-box.default\">\n\t\t\t\t\t<div class=\"elementor-image-box-wrapper\"><figure class=\"elementor-image-box-img\"><img loading=\"lazy\" decoding=\"async\" width=\"1500\" height=\"1000\" src=\"https:\/\/restauranteaiesa.com\/wp-content\/uploads\/2026\/02\/2150541748.jpg\" class=\"elementor-animation-pulse attachment-full size-full wp-image-176\" alt=\"\" srcset=\"https:\/\/restauranteaiesa.com\/wp-content\/uploads\/2026\/02\/2150541748.jpg 1500w, https:\/\/restauranteaiesa.com\/wp-content\/uploads\/2026\/02\/2150541748-300x200.jpg 300w, https:\/\/restauranteaiesa.com\/wp-content\/uploads\/2026\/02\/2150541748-1024x683.jpg 1024w, https:\/\/restauranteaiesa.com\/wp-content\/uploads\/2026\/02\/2150541748-768x512.jpg 768w, https:\/\/restauranteaiesa.com\/wp-content\/uploads\/2026\/02\/2150541748-18x12.jpg 18w\" sizes=\"(max-width: 1500px) 100vw, 1500px\" \/><\/figure><div class=\"elementor-image-box-content\"><h3 class=\"elementor-image-box-title\">EDARIAK<\/h3><p class=\"elementor-image-box-description\">- Ardoak<br> \n- Garagardoak<br>\n- Likoreak<br>\n- Freskagarriak<br>\n- Urak<br>\n- Kafeak<\/p><\/div><\/div>\t\t\t\t<\/div>\n\t\t\t\t<\/div>\n\t\t<div class=\"elementor-element elementor-element-d72a72e e-con-full e-flex e-con e-child\" data-id=\"d72a72e\" data-element_type=\"container\" data-e-type=\"container\" data-settings=\"{&quot;background_background&quot;:&quot;classic&quot;}\">\n\t\t\t\t<div class=\"elementor-element elementor-element-109f703 elementor-position-top elementor-widget elementor-widget-image-box\" data-id=\"109f703\" data-element_type=\"widget\" data-e-type=\"widget\" data-widget_type=\"image-box.default\">\n\t\t\t\t\t<div class=\"elementor-image-box-wrapper\"><figure class=\"elementor-image-box-img\"><img loading=\"lazy\" decoding=\"async\" width=\"1000\" height=\"668\" src=\"https:\/\/restauranteaiesa.com\/wp-content\/uploads\/2026\/02\/13638.jpg\" class=\"elementor-animation-pulse attachment-full size-full wp-image-289\" alt=\"\" srcset=\"https:\/\/restauranteaiesa.com\/wp-content\/uploads\/2026\/02\/13638.jpg 1000w, https:\/\/restauranteaiesa.com\/wp-content\/uploads\/2026\/02\/13638-300x200.jpg 300w, https:\/\/restauranteaiesa.com\/wp-content\/uploads\/2026\/02\/13638-768x513.jpg 768w, https:\/\/restauranteaiesa.com\/wp-content\/uploads\/2026\/02\/13638-18x12.jpg 18w\" sizes=\"(max-width: 1000px) 100vw, 1000px\" \/><\/figure><div class=\"elementor-image-box-content\"><h3 class=\"elementor-image-box-title\">MAHAI ZERBITZUA<\/h3><p class=\"elementor-image-box-description\">Giro aparta<\/p><\/div><\/div>\t\t\t\t<\/div>\n\t\t\t\t<\/div>\n\t\t\t\t\t<\/div>\n\t\t\t\t<\/div>\n\t\t\t\t<\/div>","protected":false},"excerpt":{"rendered":"<p>\u00a1Tu mesa, tu gente, tu momento! Sobre Nosotros \u00a1El plan empieza aqu\u00ed! Fundado en 1993 por \u00c1ngel y Alicia, &#8216;RESTAURANTE AIENSA&#8217; naci\u00f3 de un peque\u00f1o sue\u00f1o que ha crecido y evolucionado a lo largo de los a\u00f1os. Un mont\u00f3n de a\u00f1os despu\u00e9s, mantenemos la misma tradici\u00f3n que nos ha caracterizado desde el principio: utilizar los [&hellip;]<\/p>\n","protected":false},"author":1,"featured_media":0,"parent":0,"menu_order":0,"comment_status":"closed","ping_status":"closed","template":"elementor_canvas","meta":{"footnotes":""},"class_list":["post-2","page","type-page","status-publish","hentry"],"yoast_head":"<!-- This site is optimized with the Yoast SEO plugin v27.3 - https:\/\/yoast.com\/product\/yoast-seo-wordpress\/ -->\n<title>Inicio - Mes\u00f3n Restaurante Aiensa<\/title>\n<meta name=\"robots\" content=\"index, follow, max-snippet:-1, max-image-preview:large, max-video-preview:-1\" \/>\n<link rel=\"canonical\" href=\"https:\/\/restauranteaiesa.com\/eu\/\" \/>\n<meta property=\"og:locale\" content=\"en_US\" \/>\n<meta property=\"og:type\" content=\"article\" \/>\n<meta property=\"og:title\" content=\"Inicio - Mes\u00f3n Restaurante Aiensa\" \/>\n<meta property=\"og:description\" content=\"\u00a1Tu mesa, tu gente, tu momento! Sobre Nosotros \u00a1El plan empieza aqu\u00ed! Fundado en 1993 por \u00c1ngel y Alicia, &#8216;RESTAURANTE AIENSA&#8217; naci\u00f3 de un peque\u00f1o sue\u00f1o que ha crecido y evolucionado a lo largo de los a\u00f1os. Un mont\u00f3n de a\u00f1os despu\u00e9s, mantenemos la misma tradici\u00f3n que nos ha caracterizado desde el principio: utilizar los [&hellip;]\" \/>\n<meta property=\"og:url\" content=\"https:\/\/restauranteaiesa.com\/eu\/\" \/>\n<meta property=\"og:site_name\" content=\"Mes\u00f3n Restaurante Aiensa\" \/>\n<meta property=\"article:modified_time\" content=\"2026-02-18T08:00:12+00:00\" \/>\n<meta property=\"og:image\" content=\"https:\/\/restauranteaiesa.com\/wp-content\/uploads\/2026\/02\/cropped-ico_web_celeste-scaled-1-300x300.jpg\" \/>\n<meta name=\"twitter:card\" content=\"summary_large_image\" \/>\n<meta name=\"twitter:label1\" content=\"Est. reading time\" \/>\n\t<meta name=\"twitter:data1\" content=\"2 minutua\" \/>\n<script type=\"application\/ld+json\" class=\"yoast-schema-graph\">{\"@context\":\"https:\\\/\\\/schema.org\",\"@graph\":[{\"@type\":\"WebPage\",\"@id\":\"https:\\\/\\\/restauranteaiesa.com\\\/\",\"url\":\"https:\\\/\\\/restauranteaiesa.com\\\/\",\"name\":\"Inicio - Mes\u00f3n Restaurante Aiensa\",\"isPartOf\":{\"@id\":\"https:\\\/\\\/restauranteaiesa.com\\\/#website\"},\"primaryImageOfPage\":{\"@id\":\"https:\\\/\\\/restauranteaiesa.com\\\/#primaryimage\"},\"image\":{\"@id\":\"https:\\\/\\\/restauranteaiesa.com\\\/#primaryimage\"},\"thumbnailUrl\":\"https:\\\/\\\/restauranteaiesa.com\\\/wp-content\\\/uploads\\\/2026\\\/02\\\/cropped-ico_web_celeste-scaled-1-300x300.jpg\",\"datePublished\":\"2026-02-17T14:39:46+00:00\",\"dateModified\":\"2026-02-18T08:00:12+00:00\",\"breadcrumb\":{\"@id\":\"https:\\\/\\\/restauranteaiesa.com\\\/#breadcrumb\"},\"inLanguage\":\"eu\",\"potentialAction\":[{\"@type\":\"ReadAction\",\"target\":[\"https:\\\/\\\/restauranteaiesa.com\\\/\"]}]},{\"@type\":\"ImageObject\",\"inLanguage\":\"eu\",\"@id\":\"https:\\\/\\\/restauranteaiesa.com\\\/#primaryimage\",\"url\":\"https:\\\/\\\/restauranteaiesa.com\\\/wp-content\\\/uploads\\\/2026\\\/02\\\/cropped-ico_web_celeste-scaled-1-300x300.jpg\",\"contentUrl\":\"https:\\\/\\\/restauranteaiesa.com\\\/wp-content\\\/uploads\\\/2026\\\/02\\\/cropped-ico_web_celeste-scaled-1-300x300.jpg\"},{\"@type\":\"BreadcrumbList\",\"@id\":\"https:\\\/\\\/restauranteaiesa.com\\\/#breadcrumb\",\"itemListElement\":[{\"@type\":\"ListItem\",\"position\":1,\"name\":\"Portada\",\"item\":\"https:\\\/\\\/restauranteaiesa.com\\\/\"},{\"@type\":\"ListItem\",\"position\":2,\"name\":\"Inicio\"}]},{\"@type\":\"WebSite\",\"@id\":\"https:\\\/\\\/restauranteaiesa.com\\\/#website\",\"url\":\"https:\\\/\\\/restauranteaiesa.com\\\/\",\"name\":\"Mes\u00f3n Restaurante Aiensa\",\"description\":\"Mes\u00f3n Restaurante Aiensa\",\"publisher\":{\"@id\":\"https:\\\/\\\/restauranteaiesa.com\\\/#organization\"},\"potentialAction\":[{\"@type\":\"SearchAction\",\"target\":{\"@type\":\"EntryPoint\",\"urlTemplate\":\"https:\\\/\\\/restauranteaiesa.com\\\/?s={search_term_string}\"},\"query-input\":{\"@type\":\"PropertyValueSpecification\",\"valueRequired\":true,\"valueName\":\"search_term_string\"}}],\"inLanguage\":\"eu\"},{\"@type\":\"Organization\",\"@id\":\"https:\\\/\\\/restauranteaiesa.com\\\/#organization\",\"name\":\"Mes\u00f3n Restaurante Aiensa\",\"url\":\"https:\\\/\\\/restauranteaiesa.com\\\/\",\"logo\":{\"@type\":\"ImageObject\",\"inLanguage\":\"eu\",\"@id\":\"https:\\\/\\\/restauranteaiesa.com\\\/#\\\/schema\\\/logo\\\/image\\\/\",\"url\":\"https:\\\/\\\/restauranteaiesa.com\\\/wp-content\\\/uploads\\\/2026\\\/02\\\/logo_web_celeste.png\",\"contentUrl\":\"https:\\\/\\\/restauranteaiesa.com\\\/wp-content\\\/uploads\\\/2026\\\/02\\\/logo_web_celeste.png\",\"width\":402,\"height\":155,\"caption\":\"Mes\u00f3n Restaurante Aiensa\"},\"image\":{\"@id\":\"https:\\\/\\\/restauranteaiesa.com\\\/#\\\/schema\\\/logo\\\/image\\\/\"}}]}<\/script>\n<!-- \/ Yoast SEO plugin. -->","yoast_head_json":{"title":"Inicio - Mes\u00f3n Restaurante Aiensa","robots":{"index":"index","follow":"follow","max-snippet":"max-snippet:-1","max-image-preview":"max-image-preview:large","max-video-preview":"max-video-preview:-1"},"canonical":"https:\/\/restauranteaiesa.com\/eu\/","og_locale":"en_US","og_type":"article","og_title":"Inicio - Mes\u00f3n Restaurante Aiensa","og_description":"\u00a1Tu mesa, tu gente, tu momento! Sobre Nosotros \u00a1El plan empieza aqu\u00ed! Fundado en 1993 por \u00c1ngel y Alicia, &#8216;RESTAURANTE AIENSA&#8217; naci\u00f3 de un peque\u00f1o sue\u00f1o que ha crecido y evolucionado a lo largo de los a\u00f1os. Un mont\u00f3n de a\u00f1os despu\u00e9s, mantenemos la misma tradici\u00f3n que nos ha caracterizado desde el principio: utilizar los [&hellip;]","og_url":"https:\/\/restauranteaiesa.com\/eu\/","og_site_name":"Mes\u00f3n Restaurante Aiensa","article_modified_time":"2026-02-18T08:00:12+00:00","og_image":[{"url":"https:\/\/restauranteaiesa.com\/wp-content\/uploads\/2026\/02\/cropped-ico_web_celeste-scaled-1-300x300.jpg","type":"","width":"","height":""}],"twitter_card":"summary_large_image","twitter_misc":{"Est. reading time":"2 minutua"},"schema":{"@context":"https:\/\/schema.org","@graph":[{"@type":"WebPage","@id":"https:\/\/restauranteaiesa.com\/","url":"https:\/\/restauranteaiesa.com\/","name":"Inicio - Mes\u00f3n Restaurante Aiensa","isPartOf":{"@id":"https:\/\/restauranteaiesa.com\/#website"},"primaryImageOfPage":{"@id":"https:\/\/restauranteaiesa.com\/#primaryimage"},"image":{"@id":"https:\/\/restauranteaiesa.com\/#primaryimage"},"thumbnailUrl":"https:\/\/restauranteaiesa.com\/wp-content\/uploads\/2026\/02\/cropped-ico_web_celeste-scaled-1-300x300.jpg","datePublished":"2026-02-17T14:39:46+00:00","dateModified":"2026-02-18T08:00:12+00:00","breadcrumb":{"@id":"https:\/\/restauranteaiesa.com\/#breadcrumb"},"inLanguage":"eu","potentialAction":[{"@type":"ReadAction","target":["https:\/\/restauranteaiesa.com\/"]}]},{"@type":"ImageObject","inLanguage":"eu","@id":"https:\/\/restauranteaiesa.com\/#primaryimage","url":"https:\/\/restauranteaiesa.com\/wp-content\/uploads\/2026\/02\/cropped-ico_web_celeste-scaled-1-300x300.jpg","contentUrl":"https:\/\/restauranteaiesa.com\/wp-content\/uploads\/2026\/02\/cropped-ico_web_celeste-scaled-1-300x300.jpg"},{"@type":"BreadcrumbList","@id":"https:\/\/restauranteaiesa.com\/#breadcrumb","itemListElement":[{"@type":"ListItem","position":1,"name":"Portada","item":"https:\/\/restauranteaiesa.com\/"},{"@type":"ListItem","position":2,"name":"Inicio"}]},{"@type":"WebSite","@id":"https:\/\/restauranteaiesa.com\/#website","url":"https:\/\/restauranteaiesa.com\/","name":"Mes\u00f3n Restaurante Aiensa","description":"Mes\u00f3n Restaurante Aiensa","publisher":{"@id":"https:\/\/restauranteaiesa.com\/#organization"},"potentialAction":[{"@type":"SearchAction","target":{"@type":"EntryPoint","urlTemplate":"https:\/\/restauranteaiesa.com\/?s={search_term_string}"},"query-input":{"@type":"PropertyValueSpecification","valueRequired":true,"valueName":"search_term_string"}}],"inLanguage":"eu"},{"@type":"Organization","@id":"https:\/\/restauranteaiesa.com\/#organization","name":"Mes\u00f3n Restaurante Aiensa","url":"https:\/\/restauranteaiesa.com\/","logo":{"@type":"ImageObject","inLanguage":"eu","@id":"https:\/\/restauranteaiesa.com\/#\/schema\/logo\/image\/","url":"https:\/\/restauranteaiesa.com\/wp-content\/uploads\/2026\/02\/logo_web_celeste.png","contentUrl":"https:\/\/restauranteaiesa.com\/wp-content\/uploads\/2026\/02\/logo_web_celeste.png","width":402,"height":155,"caption":"Mes\u00f3n Restaurante Aiensa"},"image":{"@id":"https:\/\/restauranteaiesa.com\/#\/schema\/logo\/image\/"}}]}},"_links":{"self":[{"href":"https:\/\/restauranteaiesa.com\/eu\/wp-json\/wp\/v2\/pages\/2","targetHints":{"allow":["GET"]}}],"collection":[{"href":"https:\/\/restauranteaiesa.com\/eu\/wp-json\/wp\/v2\/pages"}],"about":[{"href":"https:\/\/restauranteaiesa.com\/eu\/wp-json\/wp\/v2\/types\/page"}],"author":[{"embeddable":true,"href":"https:\/\/restauranteaiesa.com\/eu\/wp-json\/wp\/v2\/users\/1"}],"replies":[{"embeddable":true,"href":"https:\/\/restauranteaiesa.com\/eu\/wp-json\/wp\/v2\/comments?post=2"}],"version-history":[{"count":109,"href":"https:\/\/restauranteaiesa.com\/eu\/wp-json\/wp\/v2\/pages\/2\/revisions"}],"predecessor-version":[{"id":367,"href":"https:\/\/restauranteaiesa.com\/eu\/wp-json\/wp\/v2\/pages\/2\/revisions\/367"}],"wp:attachment":[{"href":"https:\/\/restauranteaiesa.com\/eu\/wp-json\/wp\/v2\/media?parent=2"}],"curies":[{"name":"wp","href":"https:\/\/api.w.org\/{rel}","templated":true}]}}